{"id":117,"date":"2021-07-13T19:02:52","date_gmt":"2021-07-13T17:02:52","guid":{"rendered":"https:\/\/tsv-fredelsloh.de\/?page_id=117"},"modified":"2025-05-27T17:05:21","modified_gmt":"2025-05-27T15:05:21","slug":"kinder-jugend","status":"publish","type":"page","link":"https:\/\/tsv-fredelsloh.de\/?page_id=117","title":{"rendered":"Kinder \/ Jugend"},"content":{"rendered":"\n<p>&nbsp;<\/p>\n\n\n\n<p><strong>Mini-Turnen<\/strong><br>Im 14- t\u00e4gigen Rhythmus Montags d\u00fcrfen die ganz Kleinen ab 6 Monaten bis max. 3 Jahren die Halle erobern. Es gibt Krabbelpacours, niedrig aufgebaute Kletterlandschaften, sensomotorische Materialien, Musik und vieles mehr. Eine Stunde lang k\u00f6nnen die ganz Kleinen die Halle erkunden, sich ausprobieren, mit anderen in Kontakt treten und das immer begleitet von eigenen Bezugspersonen.<br>Ansprechpartner<br>Anja Klein<br>015170830752<\/p>\n\n\n\n<p><strong>Eltern-Kind-Turnen<\/strong><br>Jeden Mittwoch von 16 bis 17 Uhr k\u00f6nnen sich die Kinder ab ca. 3 Jahren bis 6 Jahren in Begleitung ihrer Bezugspersonen in der Halle bei verschiedenen Bewegungslandschaften austoben. Im 14 t\u00e4gigen Rhythmus findet Thementurnen statt, mit R\u00e4tseln, Geschichten, Olympiaden oder Aufgaben, die, die Kinder erledigen k\u00f6nnen.<br>Ansprechpartner<br>Anja Klein &amp; Matthias Spiegel<br>015170830752<\/p>\n\n\n\n<p><strong>Kinderturnen<\/strong><br>Ab 6 Jahren bzw. nach dem Eintritt in die Grundschule\/Sommerferien wechseln die Kinder ins Kinderturnen. Ziel hierbei ist, dass die Kinder sich ohne Eltern weiter auf das Turnen einlassen.<br>Hier werden Aufw\u00e4rmspiele gemacht und anschlie\u00dfend k\u00f6nnen die Kinder sich in einem Kletterparcours austesten und und ihre motorischen F\u00e4higkeiten testen, festigen und weiter ausbauen. Alle zwei Wochen findet ein Turnen statt, bei dem die Kinder verschiedene Logikaufgaben l\u00f6sen k\u00f6nnen.<br>Das Turnen findet jeden Mittwoch von 17:15 Uhr. Bis 18:15 Uhr statt.<br>Ansprechpartner<br>Anja Klein \/ Matthias Spiegel<br>0151 &#8211; 70830752<\/p>\n\n\n\n<p><strong>Kindertanzen<\/strong><br>Jeden Dienstag von 16:00 bis 17:00 k\u00f6nnen Kinder ab 2 Jahren sich zur Musik bewegen. Es wird getanzt und gespielt.<br>Bei verschiedenen Veranstaltungen des Dorfes sind die kleinen T\u00e4nzer\/innen auf den B\u00fchnen wieder zu finden.<br>Ansprechpartner<br>Anja Klein \/ Matthias Spiegel<br>0151 &#8211; 70830752<\/p>\n\n\n\n<p><strong>Fu\u00dfball\u00a0<\/strong><br>Dienstag und Freitag: 16:30 bis 18 Uhr f\u00fcr alle Kinder der Altersklassen 9 + 10 Jahre<br>Ansprechpartner: Marco Siegmann 0151 \u2013 52455462, Luis Siegmann 0151 &#8211; 53666642<\/p>\n\n\n\n<p><\/p>\n\n\n\n<p><strong>Bambini -Fu\u00dfball\u00a0<\/strong><br>Montag: 16:00 bis 17 Uhr f\u00fcr alle Kinder der Altersklassen 4-6 Jahre<br>Ansprechpartner: Matthias Spiegel<br>0151 &#8211; 70830752<br><br><\/p>\n\n\n\n<p><strong>Ballsport<\/strong><br>Hier k\u00f6nnen sich Kinder ab ca. 8 Jahren rund um den Ball ausprobieren, austoben und vielleicht neue Interessen entdecken.<br>Es werden Dinge ausprobiert wie z. B. Tischtennis, Fu\u00dfball, V\u00f6lkerball und vieles mehr.<br>Es findet jeden Donnerstag von 16:30 Uhr bis 17:30 Uhr statt.<br>Ansprechpartner<br>Marco Siegmann&nbsp;0151&nbsp;\u2013&nbsp;52455462<\/p>\n","protected":false},"excerpt":{"rendered":"<p>&nbsp; Mini-TurnenIm 14- t\u00e4gigen Rhythmus Montags d\u00fcrfen die ganz Kleinen ab 6 Monaten bis max. 3 Jahren die Halle erobern. Es gibt Krabbelpacours, niedrig aufgebaute Kletterlandschaften, sensomotorische Materialien, Musik und&#8230;<\/p>\n","protected":false},"author":2,"featured_media":0,"parent":0,"menu_order":0,"comment_status":"closed","ping_status":"closed","template":"","meta":{"footnotes":""},"_links":{"self":[{"href":"https:\/\/tsv-fredelsloh.de\/index.php?rest_route=\/wp\/v2\/pages\/117"}],"collection":[{"href":"https:\/\/tsv-fredelsloh.de\/index.php?rest_route=\/wp\/v2\/pages"}],"about":[{"href":"https:\/\/tsv-fredelsloh.de\/index.php?rest_route=\/wp\/v2\/types\/page"}],"author":[{"embeddable":true,"href":"https:\/\/tsv-fredelsloh.de\/index.php?rest_route=\/wp\/v2\/users\/2"}],"replies":[{"embeddable":true,"href":"https:\/\/tsv-fredelsloh.de\/index.php?rest_route=%2Fwp%2Fv2%2Fcomments&post=117"}],"version-history":[{"count":26,"href":"https:\/\/tsv-fredelsloh.de\/index.php?rest_route=\/wp\/v2\/pages\/117\/revisions"}],"predecessor-version":[{"id":2234,"href":"https:\/\/tsv-fredelsloh.de\/index.php?rest_route=\/wp\/v2\/pages\/117\/revisions\/2234"}],"wp:attachment":[{"href":"https:\/\/tsv-fredelsloh.de\/index.php?rest_route=%2Fwp%2Fv2%2Fmedia&parent=117"}],"curies":[{"name":"wp","href":"https:\/\/api.w.org\/{rel}","templated":true}]}}