{"id":259,"date":"2022-09-20T18:12:36","date_gmt":"2022-09-20T16:12:36","guid":{"rendered":"https:\/\/tsv-fredelsloh.de\/?page_id=259"},"modified":"2024-09-03T17:13:04","modified_gmt":"2024-09-03T15:13:04","slug":"tsv-ticker-anmeldung","status":"publish","type":"page","link":"https:\/\/tsv-fredelsloh.de\/?page_id=259","title":{"rendered":"TSV-Ticker"},"content":{"rendered":"\n<p>Da wir den Ticker in Zukunft nicht mehr per E-Mail verteilen werden, sondern nur noch \u00fcber den Whatsapp-Kanal wurde das Anmeldeformular daf\u00fcr geschlossen. <\/p>\n\n\n\n<p>Der Ticker wird regelm\u00e4\u00dfig in den &#8222;News&#8220; als Beitrag erscheinen. Einen Link dazu bekommt ihr \u00fcber den Kanal, oder ihr schaut hier regelm\u00e4\u00dfig vorbei: <\/p>\n\n\n\n<p><a href=\"https:\/\/tsv-fredelsloh.de\/?cat=1\">https:\/\/tsv-fredelsloh.de\/?cat=1<\/a><\/p>\n","protected":false},"excerpt":{"rendered":"<p>Da wir den Ticker in Zukunft nicht mehr per E-Mail verteilen werden, sondern nur noch \u00fcber den Whatsapp-Kanal wurde das Anmeldeformular daf\u00fcr geschlossen. Der Ticker wird regelm\u00e4\u00dfig in den &#8222;News&#8220;&#8230;<\/p>\n","protected":false},"author":2,"featured_media":0,"parent":0,"menu_order":0,"comment_status":"closed","ping_status":"closed","template":"","meta":{"footnotes":""},"_links":{"self":[{"href":"https:\/\/tsv-fredelsloh.de\/index.php?rest_route=\/wp\/v2\/pages\/259"}],"collection":[{"href":"https:\/\/tsv-fredelsloh.de\/index.php?rest_route=\/wp\/v2\/pages"}],"about":[{"href":"https:\/\/tsv-fredelsloh.de\/index.php?rest_route=\/wp\/v2\/types\/page"}],"author":[{"embeddable":true,"href":"https:\/\/tsv-fredelsloh.de\/index.php?rest_route=\/wp\/v2\/users\/2"}],"replies":[{"embeddable":true,"href":"https:\/\/tsv-fredelsloh.de\/index.php?rest_route=%2Fwp%2Fv2%2Fcomments&post=259"}],"version-history":[{"count":10,"href":"https:\/\/tsv-fredelsloh.de\/index.php?rest_route=\/wp\/v2\/pages\/259\/revisions"}],"predecessor-version":[{"id":2198,"href":"https:\/\/tsv-fredelsloh.de\/index.php?rest_route=\/wp\/v2\/pages\/259\/revisions\/2198"}],"wp:attachment":[{"href":"https:\/\/tsv-fredelsloh.de\/index.php?rest_route=%2Fwp%2Fv2%2Fmedia&parent=259"}],"curies":[{"name":"wp","href":"https:\/\/api.w.org\/{rel}","templated":true}]}}