{"id":402,"date":"2024-04-26T10:42:15","date_gmt":"2024-04-26T08:42:15","guid":{"rendered":"https:\/\/tsv-fredelsloh.de\/?page_id=402"},"modified":"2026-03-16T15:00:28","modified_gmt":"2026-03-16T14:00:28","slug":"regelmaessiges-sportprogramm","status":"publish","type":"page","link":"https:\/\/tsv-fredelsloh.de\/?page_id=402","title":{"rendered":"Regelm\u00e4\u00dfiges Sportprogramm"},"content":{"rendered":"\n<figure class=\"wp-block-table is-style-stripes\"><table><tbody><tr><td><strong>Montag<\/strong><\/td><td><strong>Dienstag<\/strong><\/td><td><strong>Mittwoch<\/strong><\/td><td><strong>Donnerstag<\/strong><\/td><td><strong>Freitag<\/strong><\/td><\/tr><tr><td>16:00-17:00 Uhr<br>Mini-Turnen <br>(6-max.36 Monate)<br>(alle 2 Wochen)<\/td><td>15:30-16:30 Uhr<br>Kinder<br>Tanzen<\/td><td>16:00-17:00 Uhr<br>Eltern-Kind-Turnen<br>(3-6 Jahre)<\/td><td><\/td><td><br><\/td><\/tr><tr><td><\/td><td>18:00-19:30 Uhr<br>Pilates<\/td><td><\/td><td>18:00-19:30 Uhr<br>Capoeira<\/td><td><\/td><\/tr><tr><td>18:00-19:00 Uhr<br>Yoga<\/td><td>18:30-20:00 Uhr<br>Herren Training<br>Fu\u00dfball<\/td><td><\/td><td>18:00-19:30 Uhr<br>A-Jugend<br>Fu\u00dfball<\/td><td>18:00-19:30 Uhr<br>Herren<br>Fu\u00dfball Training<\/td><\/tr><tr><td>18:00-19:30 Uhr<br>A-Jugend<br>Fu\u00dfball Training<\/td><td>19:15-20:15 Uhr<br>Capoeira<\/td><td>18:45-19:45 Uhr<br>Vital und fit ins Alter<br><\/td><td>18:30 &#8211; 20:00 Uhr<br>Tischtennis<br>Training f\u00fcr Kinder<br> und Jugendliche<\/td><td><\/td><\/tr><tr><td>20:00-21:00 Uhr<br>Step-Aerobic<\/td><td>20:00-22:00 Uhr<br>Damen<br>Tischtennis Training<\/td><td>20:00-21:15 Uhr<br>Gymnastik<\/td><td>20:00-22:30 Uhr<br>Herren <br>Tischtennis Training<\/td><td>18:00 &#8211; 20:00 Uhr<br>Fahrradgruppe<\/td><\/tr><\/tbody><\/table><figcaption class=\"wp-element-caption\">Ansprechpartner und weitere Informationen sind auf der jeweiligen Sparten-Seite einzusehen. <\/figcaption><\/figure>\n\n\n\n<p><\/p>\n","protected":false},"excerpt":{"rendered":"<p>Montag Dienstag Mittwoch Donnerstag Freitag 16:00-17:00 UhrMini-Turnen (6-max.36 Monate)(alle 2 Wochen) 15:30-16:30 UhrKinderTanzen 16:00-17:00 UhrEltern-Kind-Turnen(3-6 Jahre) 18:00-19:30 UhrPilates 18:00-19:30 UhrCapoeira 18:00-19:00 UhrYoga 18:30-20:00 UhrHerren TrainingFu\u00dfball 18:00-19:30 UhrA-JugendFu\u00dfball 18:00-19:30 UhrHerrenFu\u00dfball Training&#8230;<\/p>\n","protected":false},"author":2,"featured_media":0,"parent":0,"menu_order":0,"comment_status":"closed","ping_status":"closed","template":"","meta":{"footnotes":""},"_links":{"self":[{"href":"https:\/\/tsv-fredelsloh.de\/index.php?rest_route=\/wp\/v2\/pages\/402"}],"collection":[{"href":"https:\/\/tsv-fredelsloh.de\/index.php?rest_route=\/wp\/v2\/pages"}],"about":[{"href":"https:\/\/tsv-fredelsloh.de\/index.php?rest_route=\/wp\/v2\/types\/page"}],"author":[{"embeddable":true,"href":"https:\/\/tsv-fredelsloh.de\/index.php?rest_route=\/wp\/v2\/users\/2"}],"replies":[{"embeddable":true,"href":"https:\/\/tsv-fredelsloh.de\/index.php?rest_route=%2Fwp%2Fv2%2Fcomments&post=402"}],"version-history":[{"count":14,"href":"https:\/\/tsv-fredelsloh.de\/index.php?rest_route=\/wp\/v2\/pages\/402\/revisions"}],"predecessor-version":[{"id":2245,"href":"https:\/\/tsv-fredelsloh.de\/index.php?rest_route=\/wp\/v2\/pages\/402\/revisions\/2245"}],"wp:attachment":[{"href":"https:\/\/tsv-fredelsloh.de\/index.php?rest_route=%2Fwp%2Fv2%2Fmedia&parent=402"}],"curies":[{"name":"wp","href":"https:\/\/api.w.org\/{rel}","templated":true}]}}