{"id":41,"date":"2020-01-12T13:39:57","date_gmt":"2020-01-12T12:39:57","guid":{"rendered":"https:\/\/tsv-fredelsloh.de\/?page_id=41"},"modified":"2024-07-04T15:07:49","modified_gmt":"2024-07-04T13:07:49","slug":"tennis","status":"publish","type":"page","link":"https:\/\/tsv-fredelsloh.de\/?page_id=41","title":{"rendered":"Tennis"},"content":{"rendered":"<p><span style=\"font-weight: 400;\"><img fetchpriority=\"high\" decoding=\"async\" class=\" wp-image-168 alignright\" src=\"https:\/\/tsv-fredelsloh.de\/wp-content\/uploads\/2021\/08\/Tennisplatz-300x148.jpg\" alt=\"\" width=\"373\" height=\"184\" srcset=\"https:\/\/tsv-fredelsloh.de\/wp-content\/uploads\/2021\/08\/Tennisplatz-300x148.jpg 300w, https:\/\/tsv-fredelsloh.de\/wp-content\/uploads\/2021\/08\/Tennisplatz-1024x506.jpg 1024w, https:\/\/tsv-fredelsloh.de\/wp-content\/uploads\/2021\/08\/Tennisplatz-768x380.jpg 768w, https:\/\/tsv-fredelsloh.de\/wp-content\/uploads\/2021\/08\/Tennisplatz.jpg 1125w\" sizes=\"(max-width: 373px) 100vw, 373px\" \/><\/span><\/p>\n<p><strong>Fachwart: \u00a0\u00a0\u00a0 \u00a0\u00a0\u00a0 \u00a0\u00a0\u00a0 \u00a0\u00a0\u00a0 <\/strong><span style=\"font-weight: 400;\"><strong>\u00a0\u00a0\u00a0<\/strong> <\/span><\/p>\n<p><span style=\"font-weight: 400;\">Sascha Pf\u00fcller<\/span><\/p>\n<p><span style=\"font-weight: 400;\">Vor dem Sande 10<\/span><\/p>\n<p><span style=\"font-weight: 400;\">Tel. 05555 995507<\/span><span style=\"font-weight: 400;\">\u00a0\u00a0\u00a0 <\/span><span style=\"font-weight: 400;\">\u00a0\u00a0\u00a0 <\/span><\/p>\n<p><span style=\"font-weight: 400;\"><br \/>\n<strong>Baujahr Tennisanlage:<\/strong><\/span> <span style=\"font-weight: 400;\">1995<\/span><\/p>\n<p><strong>Anzahl Tennispl\u00e4tze:<\/strong> <span style=\"font-weight: 400;\">2<\/span><\/p>\n<p><strong>Belag:<\/strong><span style=\"font-weight: 400;\">\u00a0<\/span><span style=\"font-weight: 400;\">Sand<\/span><\/p>\n<p><strong>Anzahl Aktive Mitglieder:<\/strong> <span style=\"font-weight: 400;\">20<\/span><\/p>\n<p><strong><br \/>\nPl\u00e4tze:<\/strong><\/p>\n<p><span style=\"font-weight: 400;\">Die Tennispl\u00e4tze stehen je nach Witterung von Mai-Oktober f\u00fcr alle Spartenmitglieder zur freien Verf\u00fcgung.<\/span><\/p>\n<p><span style=\"font-weight: 400;\">Die Tennispl\u00e4tze k\u00f6nnen \u00fcber den Schaukasten vor der Tennisanlage reserviert werden.<\/span><\/p>\n<p><span style=\"font-weight: 400;\">Bitte sorgen Sie f\u00fcr <\/span><b>tennisgerechte Kleidung<\/b><span style=\"font-weight: 400;\"> und <\/span><b>Schuhe<\/b><span style=\"font-weight: 400;\">!<\/span><\/p>\n<p><span style=\"font-weight: 400;\">Bei Trockenheit sind die Pl\u00e4tze vor und nach den Spielen zu w\u00e4ssern.<\/span><\/p>\n<p><span style=\"font-weight: 400;\">Nach dem Spiel sind die Pl\u00e4tze abzuziehen und die Linien zu reinigen.<\/span><\/p>\n<p><span style=\"font-weight: 400;\"><br \/>\n<strong>Kosten:<\/strong><\/span><\/p>\n<p><span style=\"font-weight: 400;\">Der Sparten Beitrag betr\u00e4gt: <\/span><span style=\"font-weight: 400;\">\u00a0\u00a0\u00a0 <\/span><\/p>\n<p><span style=\"font-weight: 400;\">40,-\u20ac \/ Jahr f\u00fcr Vereinsmitglieder<\/span><\/p>\n<p><span style=\"font-weight: 400;\">60,-\u20ac \/ Jahr f\u00fcr nicht Vereinsmitglieder<\/span><\/p>\n<p><span style=\"font-weight: 400;\">Bei Spielen mit einem nicht Spartenmitglied werden pro Spiel 5,-\u20ac f\u00e4llig.<\/span><\/p>\n<p><span style=\"font-weight: 400;\"><br \/>\n<strong>Kontakt:<\/strong><\/span><\/p>\n<p><span style=\"font-weight: 400;\">Bei Fragen und Anregungen:<\/span><\/p>\n<p><span style=\"font-weight: 400;\">Sascha Pf\u00fcller<\/span><span style=\"font-weight: 400;\">\u00a0\u00a0\u00a0 <\/span><span style=\"font-weight: 400;\">05555\/995507<\/span><\/p>\n<p><span style=\"font-weight: 400;\">oder<\/span><\/p>\n<p><span style=\"font-weight: 400;\">Volker Feige<\/span><span style=\"font-weight: 400;\">\u00a0\u00a0\u00a0 <\/span><span style=\"font-weight: 400;\">05555\/561<\/span><\/p>\n","protected":false},"excerpt":{"rendered":"<p>Fachwart: \u00a0\u00a0\u00a0 \u00a0\u00a0\u00a0 \u00a0\u00a0\u00a0 \u00a0\u00a0\u00a0 \u00a0\u00a0\u00a0 Sascha Pf\u00fcller Vor dem Sande 10 Tel. 05555 995507\u00a0\u00a0\u00a0 \u00a0\u00a0\u00a0 Baujahr Tennisanlage: 1995 Anzahl Tennispl\u00e4tze: 2 Belag:\u00a0Sand Anzahl Aktive Mitglieder: 20 Pl\u00e4tze: Die Tennispl\u00e4tze&#8230;<\/p>\n","protected":false},"author":1,"featured_media":0,"parent":0,"menu_order":0,"comment_status":"closed","ping_status":"closed","template":"","meta":{"footnotes":""},"_links":{"self":[{"href":"https:\/\/tsv-fredelsloh.de\/index.php?rest_route=\/wp\/v2\/pages\/41"}],"collection":[{"href":"https:\/\/tsv-fredelsloh.de\/index.php?rest_route=\/wp\/v2\/pages"}],"about":[{"href":"https:\/\/tsv-fredelsloh.de\/index.php?rest_route=\/wp\/v2\/types\/page"}],"author":[{"embeddable":true,"href":"https:\/\/tsv-fredelsloh.de\/index.php?rest_route=\/wp\/v2\/users\/1"}],"replies":[{"embeddable":true,"href":"https:\/\/tsv-fredelsloh.de\/index.php?rest_route=%2Fwp%2Fv2%2Fcomments&post=41"}],"version-history":[{"count":9,"href":"https:\/\/tsv-fredelsloh.de\/index.php?rest_route=\/wp\/v2\/pages\/41\/revisions"}],"predecessor-version":[{"id":2175,"href":"https:\/\/tsv-fredelsloh.de\/index.php?rest_route=\/wp\/v2\/pages\/41\/revisions\/2175"}],"wp:attachment":[{"href":"https:\/\/tsv-fredelsloh.de\/index.php?rest_route=%2Fwp%2Fv2%2Fmedia&parent=41"}],"curies":[{"name":"wp","href":"https:\/\/api.w.org\/{rel}","templated":true}]}}